{"id":8479,"date":"2024-11-21T12:36:24","date_gmt":"2024-11-21T12:36:24","guid":{"rendered":"https:\/\/www.anixton.com\/?page_id=8479"},"modified":"2024-11-23T21:58:02","modified_gmt":"2024-11-23T21:58:02","slug":"ipi-biv","status":"publish","type":"page","link":"https:\/\/www.anixton.com\/es\/ipi-biv\/","title":{"rendered":"Ipi Biv"},"content":{"rendered":"\t\t<div data-elementor-type=\"wp-post\" data-elementor-id=\"8479\" class=\"elementor elementor-8479 elementor-7139\" data-elementor-post-type=\"page\">\n\t\t\t\t<div class=\"elementor-element elementor-element-945604e e-flex e-con-boxed e-con e-parent\" data-id=\"945604e\" data-element_type=\"container\" data-e-type=\"container\" data-settings=\"{&quot;background_background&quot;:&quot;classic&quot;}\">\n\t\t\t\t\t<div class=\"e-con-inner\">\n\t\t\t\t<div class=\"elementor-element elementor-element-1753242 elementor-invisible elementor-widget elementor-widget-heading\" data-id=\"1753242\" data-element_type=\"widget\" data-e-type=\"widget\" data-settings=\"{&quot;_animation&quot;:&quot;fadeIn&quot;,&quot;_animation_delay&quot;:200}\" data-widget_type=\"heading.default\">\n\t\t\t\t<div class=\"elementor-widget-container\">\n\t\t\t\t\t<h1 class=\"elementor-heading-title elementor-size-default\">Ipi Biv<\/h1>\t\t\t\t<\/div>\n\t\t\t\t<\/div>\n\t\t\t\t<div class=\"elementor-element elementor-element-a699004 elementor-invisible elementor-widget elementor-widget-text-editor\" data-id=\"a699004\" data-element_type=\"widget\" data-e-type=\"widget\" data-settings=\"{&quot;_animation&quot;:&quot;fadeIn&quot;,&quot;_animation_delay&quot;:400}\" data-widget_type=\"text-editor.default\">\n\t\t\t\t<div class=\"elementor-widget-container\">\n\t\t\t\t\t\t\t\t\t<p>Seg\u00fan el art\u00edculo XII.6. \u00a71 del C\u00f3digo de Derecho Econ\u00f3mico y el art\u00edculo 20 del C\u00f3digo de \u00c9tica, los agentes inmobiliarios est\u00e1n obligados a comunicar<\/p>\t\t\t\t\t\t\t\t<\/div>\n\t\t\t\t<\/div>\n\t\t\t\t\t<\/div>\n\t\t\t\t<\/div>\n\t\t<div class=\"elementor-element elementor-element-0253f27 e-flex e-con-boxed e-con e-parent\" data-id=\"0253f27\" data-element_type=\"container\" data-e-type=\"container\" data-settings=\"{&quot;background_background&quot;:&quot;classic&quot;}\">\n\t\t\t\t\t<div class=\"e-con-inner\">\n\t\t\t\t<div class=\"elementor-element elementor-element-caa8f4b elementor-widget__width-inherit elementor-invisible elementor-widget elementor-widget-text-editor\" data-id=\"caa8f4b\" data-element_type=\"widget\" data-e-type=\"widget\" data-settings=\"{&quot;_animation&quot;:&quot;fadeIn&quot;,&quot;_animation_delay&quot;:400}\" data-widget_type=\"text-editor.default\">\n\t\t\t\t<div class=\"elementor-widget-container\">\n\t\t\t\t\t\t\t\t\t<ul><li>Nombre de la oficina: <strong>Anixton SRL\/BV<\/strong><\/li><li>Direcci\u00f3n de la oficina: <strong>Avenue de Broqueville 12, 1150 Bruselas, B\u00e9lgica<\/strong><\/li><li>Tel\u00e9fono: <a href=\"tel:+32 2 721 99 19\"><strong>+32 2 721 99 19<\/strong><\/a><\/li><li>Direcci\u00f3n de correo electr\u00f3nico: <strong><a rel=\"noopener\">info@anixton.com<\/a><\/strong><\/li><li>N\u00famero de empresa (<strong>Banque-Carrefour des Entreprises<\/strong>), precedido por las letras \u00abTVA BE\u00bb si las actividades realizadas est\u00e1n sujetas al IVA: <strong>TVA BE 0880.036.656<\/strong><\/li><li>Nombre de la compa\u00f1\u00eda de seguros que cubre la responsabilidad profesional frente a terceros y la fianza, y el n\u00famero del contrato de seguro: <strong>Responsabilidad profesional frente a terceros y fianza a trav\u00e9s de <a href=\"https:\/\/www.ipi.be\/sites\/default\/files\/download_document\/police_collective_axa-sans_addendum_10092015_0.pdf\">AXA Belgium SA\/NV \u2013 P\u00f3liza n.\u00ba 730.390.160<\/a><\/strong><\/li><li>Datos de contacto de la autoridad supervisora: <strong><a href=\"https:\/\/www.ipi.be\/\">IPI-BIV<\/a> (<strong>Institut Professionnel des agents Immobiliers \/ BeroepsInstituut van Vastgoedmakelaars \/ Professional institute of real estate agents<\/strong>), Rue du Luxembourg 16B Luxemburgstraat, 1000 Bruselas, B\u00e9lgica<\/strong><\/li><li>T\u00edtulo profesional: <strong>Agente inmobiliario intermediario, n\u00famero IPI 502529<\/strong><\/li><li>Pa\u00eds en el que se otorg\u00f3 la aprobaci\u00f3n: <strong>B\u00e9lgica<\/strong><\/li><li>Enlace al <strong><a href=\"https:\/\/www.ipi.be\/lagent-immobilier\/la-deontologie-de-lagent-immobilier\">c\u00f3digo de \u00e9tica<\/a><\/strong> del IPI-BIV (Institut Professionnel des agents Immobiliers)<\/li><\/ul>\t\t\t\t\t\t\t\t<\/div>\n\t\t\t\t<\/div>\n\t\t\t\t\t<\/div>\n\t\t\t\t<\/div>\n\t\t\t\t<\/div>\n\t\t","protected":false},"excerpt":{"rendered":"<p>Ipi Biv Seg\u00fan el art\u00edculo XII.6. \u00a71 del C\u00f3digo de Derecho Econ\u00f3mico y el art\u00edculo 20 del C\u00f3digo de \u00c9tica, los agentes inmobiliarios est\u00e1n obligados a comunicar Nombre de la oficina: Anixton SRL\/BV Direcci\u00f3n de la oficina: Avenue de Broqueville 12, 1150 Bruselas, B\u00e9lgica Tel\u00e9fono: +32 2 721 99 19 Direcci\u00f3n de correo electr\u00f3nico: info@anixton.com [&hellip;]<\/p>\n","protected":false},"author":16,"featured_media":8164,"parent":0,"menu_order":0,"comment_status":"closed","ping_status":"closed","template":"","meta":{"site-sidebar-layout":"no-sidebar","site-content-layout":"page-builder","ast-site-content-layout":"full-width-container","site-content-style":"unboxed","site-sidebar-style":"unboxed","ast-global-header-display":"","ast-banner-title-visibility":"","ast-main-header-display":"","ast-hfb-above-header-display":"","ast-hfb-below-header-display":"","ast-hfb-mobile-header-display":"","site-post-title":"disabled","ast-breadcrumbs-content":"","ast-featured-img":"disabled","footer-sml-layout":"","ast-disable-related-posts":"","theme-transparent-header-meta":"enabled","adv-header-id-meta":"","stick-header-meta":"","header-above-stick-meta":"","header-main-stick-meta":"","header-below-stick-meta":"","astra-migrate-meta-layouts":"set","ast-page-background-enabled":"default","ast-page-background-meta":{"desktop":{"background-color":"","background-image":"","background-repeat":"repeat","background-position":"center center","background-size":"auto","background-attachment":"scroll","background-type":"","background-media":"","overlay-type":"","overlay-color":"","overlay-opacity":"","overlay-gradient":""},"tablet":{"background-color":"","background-image":"","background-repeat":"repeat","background-position":"center center","background-size":"auto","background-attachment":"scroll","background-type":"","background-media":"","overlay-type":"","overlay-color":"","overlay-opacity":"","overlay-gradient":""},"mobile":{"background-color":"","background-image":"","background-repeat":"repeat","background-position":"center center","background-size":"auto","background-attachment":"scroll","background-type":"","background-media":"","overlay-type":"","overlay-color":"","overlay-opacity":"","overlay-gradient":""}},"ast-content-background-meta":{"desktop":{"background-color":"var(--ast-global-color-5)","background-image":"","background-repeat":"repeat","background-position":"center center","background-size":"auto","background-attachment":"scroll","background-type":"","background-media":"","overlay-type":"","overlay-color":"","overlay-opacity":"","overlay-gradient":""},"tablet":{"background-color":"var(--ast-global-color-5)","background-image":"","background-repeat":"repeat","background-position":"center center","background-size":"auto","background-attachment":"scroll","background-type":"","background-media":"","overlay-type":"","overlay-color":"","overlay-opacity":"","overlay-gradient":""},"mobile":{"background-color":"var(--ast-global-color-5)","background-image":"","background-repeat":"repeat","background-position":"center center","background-size":"auto","background-attachment":"scroll","background-type":"","background-media":"","overlay-type":"","overlay-color":"","overlay-opacity":"","overlay-gradient":""}},"footnotes":""},"class_list":["post-8479","page","type-page","status-publish","has-post-thumbnail","hentry"],"yoast_head":"<!-- This site is optimized with the Yoast SEO plugin v27.4 - https:\/\/yoast.com\/product\/yoast-seo-wordpress\/ -->\n<title>Ipi Biv - ANIXTON<\/title>\n<meta name=\"robots\" content=\"index, follow, max-snippet:-1, max-image-preview:large, max-video-preview:-1\" \/>\n<link rel=\"canonical\" href=\"https:\/\/www.anixton.com\/es\/ipi-biv\/\" \/>\n<meta property=\"og:locale\" content=\"es_ES\" \/>\n<meta property=\"og:type\" content=\"article\" \/>\n<meta property=\"og:title\" content=\"Ipi Biv - ANIXTON\" \/>\n<meta property=\"og:description\" content=\"Ipi Biv Seg\u00fan el art\u00edculo XII.6. \u00a71 del C\u00f3digo de Derecho Econ\u00f3mico y el art\u00edculo 20 del C\u00f3digo de \u00c9tica, los agentes inmobiliarios est\u00e1n obligados a comunicar Nombre de la oficina: Anixton SRL\/BV Direcci\u00f3n de la oficina: Avenue de Broqueville 12, 1150 Bruselas, B\u00e9lgica Tel\u00e9fono: +32 2 721 99 19 Direcci\u00f3n de correo electr\u00f3nico: info@anixton.com [&hellip;]\" \/>\n<meta property=\"og:url\" content=\"https:\/\/www.anixton.com\/es\/ipi-biv\/\" \/>\n<meta property=\"og:site_name\" content=\"ANIXTON\" \/>\n<meta property=\"article:publisher\" content=\"https:\/\/www.facebook.com\/anixton.realestate\" \/>\n<meta property=\"article:modified_time\" content=\"2024-11-23T21:58:02+00:00\" \/>\n<meta property=\"og:image\" content=\"https:\/\/www.anixton.com\/wp-content\/uploads\/2020\/02\/ANIXTON_LOGO_HORIZONTAL_for-background-Navy.png\" \/>\n\t<meta property=\"og:image:width\" content=\"16368\" \/>\n\t<meta property=\"og:image:height\" content=\"3469\" \/>\n\t<meta property=\"og:image:type\" content=\"image\/png\" \/><meta property=\"og:image\" content=\"https:\/\/www.anixton.com\/wp-content\/uploads\/2024\/11\/b31a1ad4-3ef0-451f-8dbe-a85e82f3b1ae.webp\" \/>\n\t<meta property=\"og:image:width\" content=\"2119\" \/>\n\t<meta property=\"og:image:height\" content=\"1414\" \/>\n\t<meta property=\"og:image:type\" content=\"image\/webp\" \/>\n<meta name=\"twitter:card\" content=\"summary_large_image\" \/>\n<meta name=\"twitter:site\" content=\"@anixton\" \/>\n<meta name=\"twitter:label1\" content=\"Tiempo de lectura\" \/>\n\t<meta name=\"twitter:data1\" content=\"1 minuto\" \/>\n<script type=\"application\/ld+json\" class=\"yoast-schema-graph\">{\"@context\":\"https:\\\/\\\/schema.org\",\"@graph\":[{\"@type\":\"WebPage\",\"@id\":\"https:\\\/\\\/www.anixton.com\\\/es\\\/ipi-biv\\\/\",\"url\":\"https:\\\/\\\/www.anixton.com\\\/es\\\/ipi-biv\\\/\",\"name\":\"Ipi Biv - ANIXTON\",\"isPartOf\":{\"@id\":\"https:\\\/\\\/www.anixton.com\\\/es\\\/#website\"},\"primaryImageOfPage\":{\"@id\":\"https:\\\/\\\/www.anixton.com\\\/es\\\/ipi-biv\\\/#primaryimage\"},\"image\":{\"@id\":\"https:\\\/\\\/www.anixton.com\\\/es\\\/ipi-biv\\\/#primaryimage\"},\"thumbnailUrl\":\"https:\\\/\\\/www.anixton.com\\\/wp-content\\\/uploads\\\/2024\\\/11\\\/b31a1ad4-3ef0-451f-8dbe-a85e82f3b1ae.webp\",\"datePublished\":\"2024-11-21T12:36:24+00:00\",\"dateModified\":\"2024-11-23T21:58:02+00:00\",\"breadcrumb\":{\"@id\":\"https:\\\/\\\/www.anixton.com\\\/es\\\/ipi-biv\\\/#breadcrumb\"},\"inLanguage\":\"es\",\"potentialAction\":[{\"@type\":\"ReadAction\",\"target\":[\"https:\\\/\\\/www.anixton.com\\\/es\\\/ipi-biv\\\/\"]}]},{\"@type\":\"ImageObject\",\"inLanguage\":\"es\",\"@id\":\"https:\\\/\\\/www.anixton.com\\\/es\\\/ipi-biv\\\/#primaryimage\",\"url\":\"https:\\\/\\\/www.anixton.com\\\/wp-content\\\/uploads\\\/2024\\\/11\\\/b31a1ad4-3ef0-451f-8dbe-a85e82f3b1ae.webp\",\"contentUrl\":\"https:\\\/\\\/www.anixton.com\\\/wp-content\\\/uploads\\\/2024\\\/11\\\/b31a1ad4-3ef0-451f-8dbe-a85e82f3b1ae.webp\",\"width\":2119,\"height\":1414},{\"@type\":\"BreadcrumbList\",\"@id\":\"https:\\\/\\\/www.anixton.com\\\/es\\\/ipi-biv\\\/#breadcrumb\",\"itemListElement\":[{\"@type\":\"ListItem\",\"position\":1,\"name\":\"Home\",\"item\":\"https:\\\/\\\/www.anixton.com\\\/es\\\/\"},{\"@type\":\"ListItem\",\"position\":2,\"name\":\"Ipi Biv\"}]},{\"@type\":\"WebSite\",\"@id\":\"https:\\\/\\\/www.anixton.com\\\/es\\\/#website\",\"url\":\"https:\\\/\\\/www.anixton.com\\\/es\\\/\",\"name\":\"ANIXTON\",\"description\":\"\",\"publisher\":{\"@id\":\"https:\\\/\\\/www.anixton.com\\\/es\\\/#organization\"},\"potentialAction\":[{\"@type\":\"SearchAction\",\"target\":{\"@type\":\"EntryPoint\",\"urlTemplate\":\"https:\\\/\\\/www.anixton.com\\\/es\\\/?s={search_term_string}\"},\"query-input\":{\"@type\":\"PropertyValueSpecification\",\"valueRequired\":true,\"valueName\":\"search_term_string\"}}],\"inLanguage\":\"es\"},{\"@type\":\"Organization\",\"@id\":\"https:\\\/\\\/www.anixton.com\\\/es\\\/#organization\",\"name\":\"ANIXTON\",\"url\":\"https:\\\/\\\/www.anixton.com\\\/es\\\/\",\"logo\":{\"@type\":\"ImageObject\",\"inLanguage\":\"es\",\"@id\":\"https:\\\/\\\/www.anixton.com\\\/es\\\/#\\\/schema\\\/logo\\\/image\\\/\",\"url\":\"https:\\\/\\\/www.anixton.com\\\/wp-content\\\/uploads\\\/2020\\\/02\\\/ANIXTON_LOGO_HORIZONTAL_for-background-Navy.png\",\"contentUrl\":\"https:\\\/\\\/www.anixton.com\\\/wp-content\\\/uploads\\\/2020\\\/02\\\/ANIXTON_LOGO_HORIZONTAL_for-background-Navy.png\",\"width\":16368,\"height\":3469,\"caption\":\"ANIXTON\"},\"image\":{\"@id\":\"https:\\\/\\\/www.anixton.com\\\/es\\\/#\\\/schema\\\/logo\\\/image\\\/\"},\"sameAs\":[\"https:\\\/\\\/www.facebook.com\\\/anixton.realestate\",\"https:\\\/\\\/x.com\\\/anixton\",\"https:\\\/\\\/www.linkedin.com\\\/company\\\/anixton\\\/?viewAsMember=true\",\"https:\\\/\\\/www.tiktok.com\\\/@anixton.com\",\"https:\\\/\\\/www.instagram.com\\\/anixton\\\/\"]}]}<\/script>\n<!-- \/ Yoast SEO plugin. -->","yoast_head_json":{"title":"Ipi Biv - ANIXTON","robots":{"index":"index","follow":"follow","max-snippet":"max-snippet:-1","max-image-preview":"max-image-preview:large","max-video-preview":"max-video-preview:-1"},"canonical":"https:\/\/www.anixton.com\/es\/ipi-biv\/","og_locale":"es_ES","og_type":"article","og_title":"Ipi Biv - ANIXTON","og_description":"Ipi Biv Seg\u00fan el art\u00edculo XII.6. \u00a71 del C\u00f3digo de Derecho Econ\u00f3mico y el art\u00edculo 20 del C\u00f3digo de \u00c9tica, los agentes inmobiliarios est\u00e1n obligados a comunicar Nombre de la oficina: Anixton SRL\/BV Direcci\u00f3n de la oficina: Avenue de Broqueville 12, 1150 Bruselas, B\u00e9lgica Tel\u00e9fono: +32 2 721 99 19 Direcci\u00f3n de correo electr\u00f3nico: info@anixton.com [&hellip;]","og_url":"https:\/\/www.anixton.com\/es\/ipi-biv\/","og_site_name":"ANIXTON","article_publisher":"https:\/\/www.facebook.com\/anixton.realestate","article_modified_time":"2024-11-23T21:58:02+00:00","og_image":[{"width":16368,"height":3469,"url":"https:\/\/www.anixton.com\/wp-content\/uploads\/2020\/02\/ANIXTON_LOGO_HORIZONTAL_for-background-Navy.png","type":"image\/png"},{"width":2119,"height":1414,"url":"https:\/\/www.anixton.com\/wp-content\/uploads\/2024\/11\/b31a1ad4-3ef0-451f-8dbe-a85e82f3b1ae.webp","type":"image\/webp"}],"twitter_card":"summary_large_image","twitter_site":"@anixton","twitter_misc":{"Tiempo de lectura":"1 minuto"},"schema":{"@context":"https:\/\/schema.org","@graph":[{"@type":"WebPage","@id":"https:\/\/www.anixton.com\/es\/ipi-biv\/","url":"https:\/\/www.anixton.com\/es\/ipi-biv\/","name":"Ipi Biv - ANIXTON","isPartOf":{"@id":"https:\/\/www.anixton.com\/es\/#website"},"primaryImageOfPage":{"@id":"https:\/\/www.anixton.com\/es\/ipi-biv\/#primaryimage"},"image":{"@id":"https:\/\/www.anixton.com\/es\/ipi-biv\/#primaryimage"},"thumbnailUrl":"https:\/\/www.anixton.com\/wp-content\/uploads\/2024\/11\/b31a1ad4-3ef0-451f-8dbe-a85e82f3b1ae.webp","datePublished":"2024-11-21T12:36:24+00:00","dateModified":"2024-11-23T21:58:02+00:00","breadcrumb":{"@id":"https:\/\/www.anixton.com\/es\/ipi-biv\/#breadcrumb"},"inLanguage":"es","potentialAction":[{"@type":"ReadAction","target":["https:\/\/www.anixton.com\/es\/ipi-biv\/"]}]},{"@type":"ImageObject","inLanguage":"es","@id":"https:\/\/www.anixton.com\/es\/ipi-biv\/#primaryimage","url":"https:\/\/www.anixton.com\/wp-content\/uploads\/2024\/11\/b31a1ad4-3ef0-451f-8dbe-a85e82f3b1ae.webp","contentUrl":"https:\/\/www.anixton.com\/wp-content\/uploads\/2024\/11\/b31a1ad4-3ef0-451f-8dbe-a85e82f3b1ae.webp","width":2119,"height":1414},{"@type":"BreadcrumbList","@id":"https:\/\/www.anixton.com\/es\/ipi-biv\/#breadcrumb","itemListElement":[{"@type":"ListItem","position":1,"name":"Home","item":"https:\/\/www.anixton.com\/es\/"},{"@type":"ListItem","position":2,"name":"Ipi Biv"}]},{"@type":"WebSite","@id":"https:\/\/www.anixton.com\/es\/#website","url":"https:\/\/www.anixton.com\/es\/","name":"ANIXTON","description":"","publisher":{"@id":"https:\/\/www.anixton.com\/es\/#organization"},"potentialAction":[{"@type":"SearchAction","target":{"@type":"EntryPoint","urlTemplate":"https:\/\/www.anixton.com\/es\/?s={search_term_string}"},"query-input":{"@type":"PropertyValueSpecification","valueRequired":true,"valueName":"search_term_string"}}],"inLanguage":"es"},{"@type":"Organization","@id":"https:\/\/www.anixton.com\/es\/#organization","name":"ANIXTON","url":"https:\/\/www.anixton.com\/es\/","logo":{"@type":"ImageObject","inLanguage":"es","@id":"https:\/\/www.anixton.com\/es\/#\/schema\/logo\/image\/","url":"https:\/\/www.anixton.com\/wp-content\/uploads\/2020\/02\/ANIXTON_LOGO_HORIZONTAL_for-background-Navy.png","contentUrl":"https:\/\/www.anixton.com\/wp-content\/uploads\/2020\/02\/ANIXTON_LOGO_HORIZONTAL_for-background-Navy.png","width":16368,"height":3469,"caption":"ANIXTON"},"image":{"@id":"https:\/\/www.anixton.com\/es\/#\/schema\/logo\/image\/"},"sameAs":["https:\/\/www.facebook.com\/anixton.realestate","https:\/\/x.com\/anixton","https:\/\/www.linkedin.com\/company\/anixton\/?viewAsMember=true","https:\/\/www.tiktok.com\/@anixton.com","https:\/\/www.instagram.com\/anixton\/"]}]}},"_links":{"self":[{"href":"https:\/\/www.anixton.com\/es\/wp-json\/wp\/v2\/pages\/8479","targetHints":{"allow":["GET"]}}],"collection":[{"href":"https:\/\/www.anixton.com\/es\/wp-json\/wp\/v2\/pages"}],"about":[{"href":"https:\/\/www.anixton.com\/es\/wp-json\/wp\/v2\/types\/page"}],"author":[{"embeddable":true,"href":"https:\/\/www.anixton.com\/es\/wp-json\/wp\/v2\/users\/16"}],"replies":[{"embeddable":true,"href":"https:\/\/www.anixton.com\/es\/wp-json\/wp\/v2\/comments?post=8479"}],"version-history":[{"count":7,"href":"https:\/\/www.anixton.com\/es\/wp-json\/wp\/v2\/pages\/8479\/revisions"}],"predecessor-version":[{"id":8486,"href":"https:\/\/www.anixton.com\/es\/wp-json\/wp\/v2\/pages\/8479\/revisions\/8486"}],"wp:featuredmedia":[{"embeddable":true,"href":"https:\/\/www.anixton.com\/es\/wp-json\/wp\/v2\/media\/8164"}],"wp:attachment":[{"href":"https:\/\/www.anixton.com\/es\/wp-json\/wp\/v2\/media?parent=8479"}],"curies":[{"name":"wp","href":"https:\/\/api.w.org\/{rel}","templated":true}]}}