{"id":8265,"date":"2024-11-11T02:58:15","date_gmt":"2024-11-11T02:58:15","guid":{"rendered":"https:\/\/www.anixton.com\/?page_id=8265"},"modified":"2024-11-26T20:32:14","modified_gmt":"2024-11-26T20:32:14","slug":"clause-de-non-responsabilite","status":"publish","type":"page","link":"https:\/\/www.anixton.com\/fr\/clause-de-non-responsabilite\/","title":{"rendered":"Clause de non-responsabilit\u00e9"},"content":{"rendered":"\t\t<div data-elementor-type=\"wp-page\" data-elementor-id=\"8265\" class=\"elementor elementor-8265 elementor-6152\" data-elementor-post-type=\"page\">\n\t\t\t\t<div class=\"elementor-element elementor-element-32be961 e-flex e-con-boxed e-con e-parent\" data-id=\"32be961\" data-element_type=\"container\" data-e-type=\"container\" data-settings=\"{&quot;background_background&quot;:&quot;classic&quot;}\">\n\t\t\t\t\t<div class=\"e-con-inner\">\n\t\t\t\t<div class=\"elementor-element elementor-element-fe03412 elementor-invisible elementor-widget elementor-widget-heading\" data-id=\"fe03412\" data-element_type=\"widget\" data-e-type=\"widget\" data-settings=\"{&quot;_animation&quot;:&quot;fadeIn&quot;,&quot;_animation_delay&quot;:200}\" data-widget_type=\"heading.default\">\n\t\t\t\t<div class=\"elementor-widget-container\">\n\t\t\t\t\t<h1 class=\"elementor-heading-title elementor-size-default\">Clause de non-responsabilit\u00e9<\/h1>\t\t\t\t<\/div>\n\t\t\t\t<\/div>\n\t\t\t\t\t<\/div>\n\t\t\t\t<\/div>\n\t\t<div class=\"elementor-element elementor-element-852c3b1 e-flex e-con-boxed e-con e-parent\" data-id=\"852c3b1\" data-element_type=\"container\" data-e-type=\"container\">\n\t\t\t\t\t<div class=\"e-con-inner\">\n\t\t\t\t<div class=\"elementor-element elementor-element-382d6f6 elementor-widget__width-inherit elementor-widget elementor-widget-heading\" data-id=\"382d6f6\" data-element_type=\"widget\" data-e-type=\"widget\" data-widget_type=\"heading.default\">\n\t\t\t\t<div class=\"elementor-widget-container\">\n\t\t\t\t\t<h4 class=\"elementor-heading-title elementor-size-default\">Clause de non-responsabilit\u00e9<\/h4>\t\t\t\t<\/div>\n\t\t\t\t<\/div>\n\t\t\t\t<div class=\"elementor-element elementor-element-abf6fbf elementor-invisible elementor-widget elementor-widget-text-editor\" data-id=\"abf6fbf\" data-element_type=\"widget\" data-e-type=\"widget\" data-settings=\"{&quot;_animation&quot;:&quot;fadeIn&quot;,&quot;_animation_delay&quot;:400}\" data-widget_type=\"text-editor.default\">\n\t\t\t\t<div class=\"elementor-widget-container\">\n\t\t\t\t\t\t\t\t\t<p>Anixton s&rsquo;engage \u00e0 maintenir ce site web \u00e0 jour et pr\u00e9cis. Si toutefois vous constatez des informations incorrectes ou obsol\u00e8tes, nous vous serions reconnaissants de bien vouloir nous en informer. Veuillez indiquer o\u00f9 vous avez lu ces informations sur le site. Nous examinerons votre signalement dans les meilleurs d\u00e9lais. Veuillez envoyer votre message par e-mail \u00e0 : <a href=\"mailto:privacy@anixton.com\">privacy@anixton.com<\/a>.<\/p><p>Nous d\u00e9clinons toute responsabilit\u00e9 pour les pertes r\u00e9sultant d&rsquo;inexactitudes ou d&rsquo;omissions, ainsi que pour les pertes d\u00e9coulant de probl\u00e8mes caus\u00e9s par ou inh\u00e9rents \u00e0 la diffusion d&rsquo;informations via Internet, tels que des perturbations ou des interruptions. Lors de l&rsquo;utilisation de formulaires web, nous nous effor\u00e7ons de limiter le nombre de champs obligatoires au strict minimum. Anixton n&rsquo;accepte aucune responsabilit\u00e9 pour les pertes subies suite \u00e0 l&rsquo;utilisation des donn\u00e9es, conseils ou id\u00e9es fournies par ou au nom d&rsquo;Anixton via ce site web.<\/p><p>L&rsquo;utilisation de ce site web et de tous ses \u00e9l\u00e9ments (y compris les forums) est soumise aux <a href=\"\/fr\/clause-de-non-responsabilite\/\">conditions d&rsquo;utilisation<\/a>. Le simple fait d&rsquo;utiliser ce site implique la connaissance et l&rsquo;acceptation de ces conditions.<\/p><p>Les r\u00e9ponses et les demandes relatives \u00e0 la confidentialit\u00e9 envoy\u00e9es par e-mail ou via un formulaire web seront trait\u00e9es de la m\u00eame mani\u00e8re que des lettres. Cela signifie que vous pouvez vous attendre \u00e0 une r\u00e9ponse de notre part dans un d\u00e9lai maximum d&rsquo;un mois. Dans le cas de demandes complexes, nous vous informerons dans un d\u00e9lai d&rsquo;un mois si un d\u00e9lai maximal de trois mois est n\u00e9cessaire.<\/p><p>Les donn\u00e9es personnelles que vous nous fournissez dans le cadre de votre r\u00e9ponse ou de votre demande d&rsquo;information seront utilis\u00e9es uniquement conform\u00e9ment \u00e0 notre d\u00e9claration de confidentialit\u00e9.<\/p><p>Anixton fera tout son possible pour prot\u00e9ger ses syst\u00e8mes contre toute forme d&rsquo;utilisation ill\u00e9gale. Anixton mettra en \u0153uvre des mesures techniques et organisationnelles appropri\u00e9es \u00e0 cette fin, en tenant compte, entre autres, de l&rsquo;\u00e9tat de l&rsquo;art. Cependant, Anixton d\u00e9cline toute responsabilit\u00e9 pour toute perte, directe et\/ou indirecte, subie par un utilisateur du site, r\u00e9sultant de l&rsquo;utilisation ill\u00e9gale de ses syst\u00e8mes par un tiers.<\/p><p>Anixton n&rsquo;accepte aucune responsabilit\u00e9 quant au contenu des sites web vers lesquels ou depuis lesquels un hyperlien ou une autre r\u00e9f\u00e9rence est faite. Les produits ou services propos\u00e9s par des tiers sont soumis aux termes et conditions applicables de ces tiers.<\/p><p>Tous les droits de propri\u00e9t\u00e9 intellectuelle sur le contenu de ce site web appartiennent \u00e0 Anixton.<\/p><p>La copie, la diffusion ou toute autre utilisation de ces mat\u00e9riaux ne sont pas autoris\u00e9es sans l&rsquo;autorisation \u00e9crite d&rsquo;Anixton, sauf dans les cas stipul\u00e9s autrement par des r\u00e9glementations de droit imp\u00e9ratif (telles que le droit de citation), sauf indication contraire sp\u00e9cifique concernant le contenu.<\/p><p>Si vous avez des questions ou des probl\u00e8mes concernant l&rsquo;accessibilit\u00e9 du site web, n&rsquo;h\u00e9sitez pas \u00e0 nous contacter.<\/p>\t\t\t\t\t\t\t\t<\/div>\n\t\t\t\t<\/div>\n\t\t\t\t\t<\/div>\n\t\t\t\t<\/div>\n\t\t\t\t<\/div>\n\t\t","protected":false},"excerpt":{"rendered":"<p>Clause de non-responsabilit\u00e9 Clause de non-responsabilit\u00e9 Anixton s&rsquo;engage \u00e0 maintenir ce site web \u00e0 jour et pr\u00e9cis. Si toutefois vous constatez des informations incorrectes ou obsol\u00e8tes, nous vous serions reconnaissants de bien vouloir nous en informer. Veuillez indiquer o\u00f9 vous avez lu ces informations sur le site. Nous examinerons votre signalement dans les meilleurs d\u00e9lais. [&hellip;]<\/p>\n","protected":false},"author":16,"featured_media":8019,"parent":0,"menu_order":0,"comment_status":"closed","ping_status":"closed","template":"elementor_header_footer","meta":{"site-sidebar-layout":"no-sidebar","site-content-layout":"page-builder","ast-site-content-layout":"full-width-container","site-content-style":"default","site-sidebar-style":"default","ast-global-header-display":"","ast-banner-title-visibility":"","ast-main-header-display":"","ast-hfb-above-header-display":"","ast-hfb-below-header-display":"","ast-hfb-mobile-header-display":"","site-post-title":"disabled","ast-breadcrumbs-content":"","ast-featured-img":"disabled","footer-sml-layout":"","ast-disable-related-posts":"","theme-transparent-header-meta":"","adv-header-id-meta":"","stick-header-meta":"","header-above-stick-meta":"","header-main-stick-meta":"","header-below-stick-meta":"","astra-migrate-meta-layouts":"set","ast-page-background-enabled":"default","ast-page-background-meta":{"desktop":{"background-color":"","background-image":"","background-repeat":"repeat","background-position":"center center","background-size":"auto","background-attachment":"scroll","background-type":"","background-media":"","overlay-type":"","overlay-color":"","overlay-opacity":"","overlay-gradient":""},"tablet":{"background-color":"","background-image":"","background-repeat":"repeat","background-position":"center center","background-size":"auto","background-attachment":"scroll","background-type":"","background-media":"","overlay-type":"","overlay-color":"","overlay-opacity":"","overlay-gradient":""},"mobile":{"background-color":"","background-image":"","background-repeat":"repeat","background-position":"center center","background-size":"auto","background-attachment":"scroll","background-type":"","background-media":"","overlay-type":"","overlay-color":"","overlay-opacity":"","overlay-gradient":""}},"ast-content-background-meta":{"desktop":{"background-color":"var(--ast-global-color-5)","background-image":"","background-repeat":"repeat","background-position":"center center","background-size":"auto","background-attachment":"scroll","background-type":"","background-media":"","overlay-type":"","overlay-color":"","overlay-opacity":"","overlay-gradient":""},"tablet":{"background-color":"var(--ast-global-color-5)","background-image":"","background-repeat":"repeat","background-position":"center center","background-size":"auto","background-attachment":"scroll","background-type":"","background-media":"","overlay-type":"","overlay-color":"","overlay-opacity":"","overlay-gradient":""},"mobile":{"background-color":"var(--ast-global-color-5)","background-image":"","background-repeat":"repeat","background-position":"center center","background-size":"auto","background-attachment":"scroll","background-type":"","background-media":"","overlay-type":"","overlay-color":"","overlay-opacity":"","overlay-gradient":""}},"footnotes":""},"class_list":["post-8265","page","type-page","status-publish","has-post-thumbnail","hentry"],"yoast_head":"<!-- This site is optimized with the Yoast SEO plugin v27.4 - https:\/\/yoast.com\/product\/yoast-seo-wordpress\/ -->\n<title>Clause de non-responsabilit\u00e9 - ANIXTON<\/title>\n<meta name=\"robots\" content=\"index, follow, max-snippet:-1, max-image-preview:large, max-video-preview:-1\" \/>\n<link rel=\"canonical\" href=\"https:\/\/www.anixton.com\/fr\/clause-de-non-responsabilite\/\" \/>\n<meta property=\"og:locale\" content=\"fr_FR\" \/>\n<meta property=\"og:type\" content=\"article\" \/>\n<meta property=\"og:title\" content=\"Clause de non-responsabilit\u00e9 - ANIXTON\" \/>\n<meta property=\"og:description\" content=\"Clause de non-responsabilit\u00e9 Clause de non-responsabilit\u00e9 Anixton s&rsquo;engage \u00e0 maintenir ce site web \u00e0 jour et pr\u00e9cis. Si toutefois vous constatez des informations incorrectes ou obsol\u00e8tes, nous vous serions reconnaissants de bien vouloir nous en informer. Veuillez indiquer o\u00f9 vous avez lu ces informations sur le site. Nous examinerons votre signalement dans les meilleurs d\u00e9lais. [&hellip;]\" \/>\n<meta property=\"og:url\" content=\"https:\/\/www.anixton.com\/fr\/clause-de-non-responsabilite\/\" \/>\n<meta property=\"og:site_name\" content=\"ANIXTON\" \/>\n<meta property=\"article:publisher\" content=\"https:\/\/www.facebook.com\/anixton.realestate\" \/>\n<meta property=\"article:modified_time\" content=\"2024-11-26T20:32:14+00:00\" \/>\n<meta property=\"og:image\" content=\"https:\/\/www.anixton.com\/wp-content\/uploads\/2020\/02\/ANIXTON_LOGO_HORIZONTAL_for-background-Navy.png\" \/>\n\t<meta property=\"og:image:width\" content=\"16368\" \/>\n\t<meta property=\"og:image:height\" content=\"3469\" \/>\n\t<meta property=\"og:image:type\" content=\"image\/png\" \/><meta property=\"og:image\" content=\"https:\/\/www.anixton.com\/wp-content\/uploads\/2024\/11\/4189.jpg\" \/>\n\t<meta property=\"og:image:width\" content=\"2000\" \/>\n\t<meta property=\"og:image:height\" content=\"1334\" \/>\n\t<meta property=\"og:image:type\" content=\"image\/jpeg\" \/>\n<meta name=\"twitter:card\" content=\"summary_large_image\" \/>\n<meta name=\"twitter:site\" content=\"@anixton\" \/>\n<meta name=\"twitter:label1\" content=\"Dur\u00e9e de lecture estim\u00e9e\" \/>\n\t<meta name=\"twitter:data1\" content=\"3 minutes\" \/>\n<script type=\"application\/ld+json\" class=\"yoast-schema-graph\">{\"@context\":\"https:\\\/\\\/schema.org\",\"@graph\":[{\"@type\":\"WebPage\",\"@id\":\"https:\\\/\\\/www.anixton.com\\\/fr\\\/clause-de-non-responsabilite\\\/\",\"url\":\"https:\\\/\\\/www.anixton.com\\\/fr\\\/clause-de-non-responsabilite\\\/\",\"name\":\"Clause de non-responsabilit\u00e9 - ANIXTON\",\"isPartOf\":{\"@id\":\"https:\\\/\\\/www.anixton.com\\\/fr\\\/#website\"},\"primaryImageOfPage\":{\"@id\":\"https:\\\/\\\/www.anixton.com\\\/fr\\\/clause-de-non-responsabilite\\\/#primaryimage\"},\"image\":{\"@id\":\"https:\\\/\\\/www.anixton.com\\\/fr\\\/clause-de-non-responsabilite\\\/#primaryimage\"},\"thumbnailUrl\":\"https:\\\/\\\/www.anixton.com\\\/wp-content\\\/uploads\\\/2024\\\/11\\\/4189.jpg\",\"datePublished\":\"2024-11-11T02:58:15+00:00\",\"dateModified\":\"2024-11-26T20:32:14+00:00\",\"breadcrumb\":{\"@id\":\"https:\\\/\\\/www.anixton.com\\\/fr\\\/clause-de-non-responsabilite\\\/#breadcrumb\"},\"inLanguage\":\"fr-FR\",\"potentialAction\":[{\"@type\":\"ReadAction\",\"target\":[\"https:\\\/\\\/www.anixton.com\\\/fr\\\/clause-de-non-responsabilite\\\/\"]}]},{\"@type\":\"ImageObject\",\"inLanguage\":\"fr-FR\",\"@id\":\"https:\\\/\\\/www.anixton.com\\\/fr\\\/clause-de-non-responsabilite\\\/#primaryimage\",\"url\":\"https:\\\/\\\/www.anixton.com\\\/wp-content\\\/uploads\\\/2024\\\/11\\\/4189.jpg\",\"contentUrl\":\"https:\\\/\\\/www.anixton.com\\\/wp-content\\\/uploads\\\/2024\\\/11\\\/4189.jpg\",\"width\":2000,\"height\":1334},{\"@type\":\"BreadcrumbList\",\"@id\":\"https:\\\/\\\/www.anixton.com\\\/fr\\\/clause-de-non-responsabilite\\\/#breadcrumb\",\"itemListElement\":[{\"@type\":\"ListItem\",\"position\":1,\"name\":\"Home\",\"item\":\"https:\\\/\\\/www.anixton.com\\\/fr\\\/\"},{\"@type\":\"ListItem\",\"position\":2,\"name\":\"Clause de non-responsabilit\u00e9\"}]},{\"@type\":\"WebSite\",\"@id\":\"https:\\\/\\\/www.anixton.com\\\/fr\\\/#website\",\"url\":\"https:\\\/\\\/www.anixton.com\\\/fr\\\/\",\"name\":\"ANIXTON\",\"description\":\"\",\"publisher\":{\"@id\":\"https:\\\/\\\/www.anixton.com\\\/fr\\\/#organization\"},\"potentialAction\":[{\"@type\":\"SearchAction\",\"target\":{\"@type\":\"EntryPoint\",\"urlTemplate\":\"https:\\\/\\\/www.anixton.com\\\/fr\\\/?s={search_term_string}\"},\"query-input\":{\"@type\":\"PropertyValueSpecification\",\"valueRequired\":true,\"valueName\":\"search_term_string\"}}],\"inLanguage\":\"fr-FR\"},{\"@type\":\"Organization\",\"@id\":\"https:\\\/\\\/www.anixton.com\\\/fr\\\/#organization\",\"name\":\"ANIXTON\",\"url\":\"https:\\\/\\\/www.anixton.com\\\/fr\\\/\",\"logo\":{\"@type\":\"ImageObject\",\"inLanguage\":\"fr-FR\",\"@id\":\"https:\\\/\\\/www.anixton.com\\\/fr\\\/#\\\/schema\\\/logo\\\/image\\\/\",\"url\":\"https:\\\/\\\/www.anixton.com\\\/wp-content\\\/uploads\\\/2020\\\/02\\\/ANIXTON_LOGO_HORIZONTAL_for-background-Navy.png\",\"contentUrl\":\"https:\\\/\\\/www.anixton.com\\\/wp-content\\\/uploads\\\/2020\\\/02\\\/ANIXTON_LOGO_HORIZONTAL_for-background-Navy.png\",\"width\":16368,\"height\":3469,\"caption\":\"ANIXTON\"},\"image\":{\"@id\":\"https:\\\/\\\/www.anixton.com\\\/fr\\\/#\\\/schema\\\/logo\\\/image\\\/\"},\"sameAs\":[\"https:\\\/\\\/www.facebook.com\\\/anixton.realestate\",\"https:\\\/\\\/x.com\\\/anixton\",\"https:\\\/\\\/www.linkedin.com\\\/company\\\/anixton\\\/?viewAsMember=true\",\"https:\\\/\\\/www.tiktok.com\\\/@anixton.com\",\"https:\\\/\\\/www.instagram.com\\\/anixton\\\/\"]}]}<\/script>\n<!-- \/ Yoast SEO plugin. -->","yoast_head_json":{"title":"Clause de non-responsabilit\u00e9 - ANIXTON","robots":{"index":"index","follow":"follow","max-snippet":"max-snippet:-1","max-image-preview":"max-image-preview:large","max-video-preview":"max-video-preview:-1"},"canonical":"https:\/\/www.anixton.com\/fr\/clause-de-non-responsabilite\/","og_locale":"fr_FR","og_type":"article","og_title":"Clause de non-responsabilit\u00e9 - ANIXTON","og_description":"Clause de non-responsabilit\u00e9 Clause de non-responsabilit\u00e9 Anixton s&rsquo;engage \u00e0 maintenir ce site web \u00e0 jour et pr\u00e9cis. Si toutefois vous constatez des informations incorrectes ou obsol\u00e8tes, nous vous serions reconnaissants de bien vouloir nous en informer. Veuillez indiquer o\u00f9 vous avez lu ces informations sur le site. Nous examinerons votre signalement dans les meilleurs d\u00e9lais. [&hellip;]","og_url":"https:\/\/www.anixton.com\/fr\/clause-de-non-responsabilite\/","og_site_name":"ANIXTON","article_publisher":"https:\/\/www.facebook.com\/anixton.realestate","article_modified_time":"2024-11-26T20:32:14+00:00","og_image":[{"width":16368,"height":3469,"url":"https:\/\/www.anixton.com\/wp-content\/uploads\/2020\/02\/ANIXTON_LOGO_HORIZONTAL_for-background-Navy.png","type":"image\/png"},{"width":2000,"height":1334,"url":"https:\/\/www.anixton.com\/wp-content\/uploads\/2024\/11\/4189.jpg","type":"image\/jpeg"}],"twitter_card":"summary_large_image","twitter_site":"@anixton","twitter_misc":{"Dur\u00e9e de lecture estim\u00e9e":"3 minutes"},"schema":{"@context":"https:\/\/schema.org","@graph":[{"@type":"WebPage","@id":"https:\/\/www.anixton.com\/fr\/clause-de-non-responsabilite\/","url":"https:\/\/www.anixton.com\/fr\/clause-de-non-responsabilite\/","name":"Clause de non-responsabilit\u00e9 - ANIXTON","isPartOf":{"@id":"https:\/\/www.anixton.com\/fr\/#website"},"primaryImageOfPage":{"@id":"https:\/\/www.anixton.com\/fr\/clause-de-non-responsabilite\/#primaryimage"},"image":{"@id":"https:\/\/www.anixton.com\/fr\/clause-de-non-responsabilite\/#primaryimage"},"thumbnailUrl":"https:\/\/www.anixton.com\/wp-content\/uploads\/2024\/11\/4189.jpg","datePublished":"2024-11-11T02:58:15+00:00","dateModified":"2024-11-26T20:32:14+00:00","breadcrumb":{"@id":"https:\/\/www.anixton.com\/fr\/clause-de-non-responsabilite\/#breadcrumb"},"inLanguage":"fr-FR","potentialAction":[{"@type":"ReadAction","target":["https:\/\/www.anixton.com\/fr\/clause-de-non-responsabilite\/"]}]},{"@type":"ImageObject","inLanguage":"fr-FR","@id":"https:\/\/www.anixton.com\/fr\/clause-de-non-responsabilite\/#primaryimage","url":"https:\/\/www.anixton.com\/wp-content\/uploads\/2024\/11\/4189.jpg","contentUrl":"https:\/\/www.anixton.com\/wp-content\/uploads\/2024\/11\/4189.jpg","width":2000,"height":1334},{"@type":"BreadcrumbList","@id":"https:\/\/www.anixton.com\/fr\/clause-de-non-responsabilite\/#breadcrumb","itemListElement":[{"@type":"ListItem","position":1,"name":"Home","item":"https:\/\/www.anixton.com\/fr\/"},{"@type":"ListItem","position":2,"name":"Clause de non-responsabilit\u00e9"}]},{"@type":"WebSite","@id":"https:\/\/www.anixton.com\/fr\/#website","url":"https:\/\/www.anixton.com\/fr\/","name":"ANIXTON","description":"","publisher":{"@id":"https:\/\/www.anixton.com\/fr\/#organization"},"potentialAction":[{"@type":"SearchAction","target":{"@type":"EntryPoint","urlTemplate":"https:\/\/www.anixton.com\/fr\/?s={search_term_string}"},"query-input":{"@type":"PropertyValueSpecification","valueRequired":true,"valueName":"search_term_string"}}],"inLanguage":"fr-FR"},{"@type":"Organization","@id":"https:\/\/www.anixton.com\/fr\/#organization","name":"ANIXTON","url":"https:\/\/www.anixton.com\/fr\/","logo":{"@type":"ImageObject","inLanguage":"fr-FR","@id":"https:\/\/www.anixton.com\/fr\/#\/schema\/logo\/image\/","url":"https:\/\/www.anixton.com\/wp-content\/uploads\/2020\/02\/ANIXTON_LOGO_HORIZONTAL_for-background-Navy.png","contentUrl":"https:\/\/www.anixton.com\/wp-content\/uploads\/2020\/02\/ANIXTON_LOGO_HORIZONTAL_for-background-Navy.png","width":16368,"height":3469,"caption":"ANIXTON"},"image":{"@id":"https:\/\/www.anixton.com\/fr\/#\/schema\/logo\/image\/"},"sameAs":["https:\/\/www.facebook.com\/anixton.realestate","https:\/\/x.com\/anixton","https:\/\/www.linkedin.com\/company\/anixton\/?viewAsMember=true","https:\/\/www.tiktok.com\/@anixton.com","https:\/\/www.instagram.com\/anixton\/"]}]}},"_links":{"self":[{"href":"https:\/\/www.anixton.com\/fr\/wp-json\/wp\/v2\/pages\/8265","targetHints":{"allow":["GET"]}}],"collection":[{"href":"https:\/\/www.anixton.com\/fr\/wp-json\/wp\/v2\/pages"}],"about":[{"href":"https:\/\/www.anixton.com\/fr\/wp-json\/wp\/v2\/types\/page"}],"author":[{"embeddable":true,"href":"https:\/\/www.anixton.com\/fr\/wp-json\/wp\/v2\/users\/16"}],"replies":[{"embeddable":true,"href":"https:\/\/www.anixton.com\/fr\/wp-json\/wp\/v2\/comments?post=8265"}],"version-history":[{"count":13,"href":"https:\/\/www.anixton.com\/fr\/wp-json\/wp\/v2\/pages\/8265\/revisions"}],"predecessor-version":[{"id":8782,"href":"https:\/\/www.anixton.com\/fr\/wp-json\/wp\/v2\/pages\/8265\/revisions\/8782"}],"wp:featuredmedia":[{"embeddable":true,"href":"https:\/\/www.anixton.com\/fr\/wp-json\/wp\/v2\/media\/8019"}],"wp:attachment":[{"href":"https:\/\/www.anixton.com\/fr\/wp-json\/wp\/v2\/media?parent=8265"}],"curies":[{"name":"wp","href":"https:\/\/api.w.org\/{rel}","templated":true}]}}